{"id":41,"date":"2022-05-11T22:30:45","date_gmt":"2022-05-11T20:30:45","guid":{"rendered":"https:\/\/sangromeccanica.it\/?page_id=41"},"modified":"2022-12-06T19:08:02","modified_gmt":"2022-12-06T18:08:02","slug":"chi-siamo","status":"publish","type":"page","link":"https:\/\/sangromeccanica.it\/index.php\/chi-siamo\/","title":{"rendered":"Chi siamo"},"content":{"rendered":"<section class=\"l-section wpb_row us_custom_070061ef height_small color_primary with_img\"><div class=\"l-section-img\" data-img-width=\"1920\" data-img-height=\"1080\" style=\"background-image: url(https:\/\/sangromeccanica.it\/wp-content\/uploads\/2022\/07\/TEXTURE-SITO-WEB.jpg);\"><\/div><div class=\"l-section-h i-cf\"><div class=\"g-cols vc_row via_grid cols_1 laptops-cols_inherit tablets-cols_inherit mobiles-cols_1 valign_top type_default stacking_default\"><div class=\"wpb_column vc_column_container us_custom_e7f5d98a\"><div class=\"vc_column-inner\"><h1 class=\"w-text us_custom_2a219da9\"><span class=\"w-text-h\"><span class=\"w-text-value\">DAL 1993 ALL&#8217;AVANGUARDIA NEL SETTORE INDUSTRIALE<\/span><\/span><\/h1><\/div><\/div><\/div><\/div><\/section><section class=\"l-section wpb_row us_custom_4f93ca40 height_auto\"><div class=\"l-section-h i-cf\"><div class=\"g-cols vc_row via_grid cols_3-2 laptops-cols_inherit tablets-cols_1 mobiles-cols_1 valign_top type_default stacking_default\" style=\"grid-gap:2rem;\"><div class=\"wpb_column vc_column_container us_custom_d30db203\"><div class=\"vc_column-inner\"><div class=\"w-image us_custom_1b0f78c5 style_shadow-2 has_ratio align_none\"><div class=\"w-image-h\"><div style=\"padding-bottom:75%\"><\/div><div class=\"w-image-shadow\" style=\"background-image:url(https:\/\/sangromeccanica.it\/wp-content\/uploads\/2022\/09\/Soci-1024x663.jpeg);\"><\/div><img loading=\"lazy\" decoding=\"async\" width=\"1024\" height=\"663\" src=\"https:\/\/sangromeccanica.it\/wp-content\/uploads\/2022\/09\/Soci-1024x663.jpeg\" class=\"attachment-large size-large\" alt=\"\" srcset=\"https:\/\/sangromeccanica.it\/wp-content\/uploads\/2022\/09\/Soci-1024x663.jpeg 1024w, https:\/\/sangromeccanica.it\/wp-content\/uploads\/2022\/09\/Soci-300x194.jpeg 300w\" sizes=\"auto, (max-width: 1024px) 100vw, 1024px\" \/><\/div><\/div><\/div><\/div><div class=\"wpb_column vc_column_container us_custom_687446a6 has_bg_color\"><div class=\"vc_column-inner\"><div class=\"wpb_text_column\"><div class=\"wpb_wrapper\"><h3 class=\"a-b-r-La\">CHI SIAMO<\/h3>\n<p class=\"a-b-r-La\">Azienda specializzata nella subfornitura destinata ad imprese operanti esclusivamente nel settore automotive (veicoli commerciali, industriali) e del motociclo.<\/p>\n<\/div><\/div><\/div><\/div><\/div><\/div><\/section><section class=\"l-section wpb_row us_custom_b9eb5798 has_text_color height_medium color_primary\"><div class=\"l-section-h i-cf\"><div class=\"g-cols vc_row via_grid cols_1 laptops-cols_inherit tablets-cols_inherit mobiles-cols_1 valign_top type_default stacking_default\"><div class=\"wpb_column vc_column_container\"><div class=\"vc_column-inner\"><h2 class=\"w-text us_custom_102a8799 has_text_color\"><span class=\"w-text-h\"><span class=\"w-text-value\">DAGLI INIZI A OGGI<\/span><\/span><\/h2><div class=\"wpb_text_column us_custom_e5adac2d sm__collapsible-text has_text_color with_collapsible_content\" data-content-height=\"340px\"><div class=\"wpb_wrapper\"><p class=\"a-b-r-La\">Azienda specializzata nella subfornitura destinata ad imprese operanti esclusivamente nel settore automotive (veicoli commerciali, industriali) e del motociclo; questa \u00e8 l\u2019attivit\u00e0 svolta da quasi un trentennio da Sangromeccanica, nata nel settembre del 1993 per volont\u00e0 dei due soci fondatori, nonch\u00e9 attuali titolari, Giovanni Cimini e Franco Di Genni. L\u2019azienda ha iniziato la propria attivit\u00e0 con spiccate competenze nella saldatura, ma gi\u00e0 nel 1994 ha acquistato le prime presse, integrando al proprio interno anche risorse ed esperienza per avviare il reparto di stampaggio. Nel corso degli anni, proprio per soddisfare sempre al meglio le esigenti richieste del mercato, l\u2019orientamento perseguito dalla propriet\u00e0 \u00e8 stato quello di accrescere costantemente il proprio know-how tecnologico, in modo da organizzarsi e strutturarsi affinch\u00e9 i prodotti, realizzati per importanti brand appartenenti ai settori sopracitati, non fossero solo semplici semilavorati di lamiera stampata, bens\u00ec manufatti di qualsiasi geometria, tipologia e dimensione sempre pi\u00f9 finiti attraverso diverse fasi di processo (inclusi saldatura, eventuali trattamenti superficiali, assemblaggio, laddove richiesto), pronti per essere impiegati in linee di montaggio.<\/p>\n<\/div><div class=\"toggle-links align_none\"><button class=\"collapsible-content-more\">Mostra di pi\u00f9<\/button><button class=\"collapsible-content-less\">Mostra di meno<\/button><\/div><\/div><\/div><\/div><\/div><\/div><\/section><section class=\"l-section wpb_row height_medium width_full\"><div class=\"l-section-h i-cf\"><div class=\"g-cols vc_row via_grid cols_1 laptops-cols_inherit tablets-cols_inherit mobiles-cols_1 valign_top type_default stacking_default\"><div class=\"wpb_column vc_column_container\"><div class=\"vc_column-inner\"><div class=\"w-grid type_carousel layout_gallery_default cols_4 valign_center\" id=\"us_grid_1\"><style>#us_grid_1 .w-grid-item{padding:1rem}#us_grid_1 .w-grid-list{margin:-1rem}.w-grid + #us_grid_1 .w-grid-list,.w-grid-none + #us_grid_1 .w-grid-list{margin-top:1rem}.layout_gallery_default .w-grid-item-h{}<\/style><div class=\"w-grid-list owl-carousel navstyle_circle navpos_outside\">\t<article class=\"w-grid-item post-411 attachment type-attachment status-inherit hentry\" data-id=\"411\">\r\n\t\t<div class=\"w-grid-item-h\">\r\n\t\t\t\t\t\t\t<a class=\"w-grid-item-anchor\" href=\"https:\/\/sangromeccanica.it\/wp-content\/uploads\/2022\/12\/linea500.jpg\" ref=\"magnificPopupGrid\" title=\"linea500\"><\/a>\r\n\t\t\t\t\t\t<div class=\"w-post-elm post_image usg_post_image_1 stretched\"><img loading=\"lazy\" decoding=\"async\" width=\"1024\" height=\"732\" src=\"https:\/\/sangromeccanica.it\/wp-content\/uploads\/2022\/12\/linea500-1024x732.jpg\" class=\"attachment-large size-large\" alt=\"\" srcset=\"https:\/\/sangromeccanica.it\/wp-content\/uploads\/2022\/12\/linea500-1024x732.jpg 1024w, https:\/\/sangromeccanica.it\/wp-content\/uploads\/2022\/12\/linea500-300x214.jpg 300w\" sizes=\"auto, (max-width: 1024px) 100vw, 1024px\" \/><\/div>\t\t<\/div>\r\n\t<\/article>\r\n\t<article class=\"w-grid-item post-412 attachment type-attachment status-inherit hentry\" data-id=\"412\">\r\n\t\t<div class=\"w-grid-item-h\">\r\n\t\t\t\t\t\t\t<a class=\"w-grid-item-anchor\" href=\"https:\/\/sangromeccanica.it\/wp-content\/uploads\/2022\/12\/rovetta300.jpg\" ref=\"magnificPopupGrid\" title=\"rovetta300\"><\/a>\r\n\t\t\t\t\t\t<div class=\"w-post-elm post_image usg_post_image_1 stretched\"><img loading=\"lazy\" decoding=\"async\" width=\"1024\" height=\"732\" src=\"https:\/\/sangromeccanica.it\/wp-content\/uploads\/2022\/12\/rovetta300-1024x732.jpg\" class=\"attachment-large size-large\" alt=\"\" srcset=\"https:\/\/sangromeccanica.it\/wp-content\/uploads\/2022\/12\/rovetta300-1024x732.jpg 1024w, https:\/\/sangromeccanica.it\/wp-content\/uploads\/2022\/12\/rovetta300-300x214.jpg 300w\" sizes=\"auto, (max-width: 1024px) 100vw, 1024px\" \/><\/div>\t\t<\/div>\r\n\t<\/article>\r\n\t<article class=\"w-grid-item post-408 attachment type-attachment status-inherit hentry\" data-id=\"408\">\r\n\t\t<div class=\"w-grid-item-h\">\r\n\t\t\t\t\t\t\t<a class=\"w-grid-item-anchor\" href=\"https:\/\/sangromeccanica.it\/wp-content\/uploads\/2022\/12\/omet1000.jpg\" ref=\"magnificPopupGrid\" title=\"omet1000\"><\/a>\r\n\t\t\t\t\t\t<div class=\"w-post-elm post_image usg_post_image_1 stretched\"><img loading=\"lazy\" decoding=\"async\" width=\"1024\" height=\"732\" src=\"https:\/\/sangromeccanica.it\/wp-content\/uploads\/2022\/12\/omet1000-1024x732.jpg\" class=\"attachment-large size-large\" alt=\"\" srcset=\"https:\/\/sangromeccanica.it\/wp-content\/uploads\/2022\/12\/omet1000-1024x732.jpg 1024w, https:\/\/sangromeccanica.it\/wp-content\/uploads\/2022\/12\/omet1000-300x214.jpg 300w\" sizes=\"auto, (max-width: 1024px) 100vw, 1024px\" \/><\/div>\t\t<\/div>\r\n\t<\/article>\r\n\t<article class=\"w-grid-item post-407 attachment type-attachment status-inherit hentry\" data-id=\"407\">\r\n\t\t<div class=\"w-grid-item-h\">\r\n\t\t\t\t\t\t\t<a class=\"w-grid-item-anchor\" href=\"https:\/\/sangromeccanica.it\/wp-content\/uploads\/2022\/12\/omet400.jpg\" ref=\"magnificPopupGrid\" title=\"omet400\"><\/a>\r\n\t\t\t\t\t\t<div class=\"w-post-elm post_image usg_post_image_1 stretched\"><img loading=\"lazy\" decoding=\"async\" width=\"1024\" height=\"732\" src=\"https:\/\/sangromeccanica.it\/wp-content\/uploads\/2022\/12\/omet400-1024x732.jpg\" class=\"attachment-large size-large\" alt=\"\" srcset=\"https:\/\/sangromeccanica.it\/wp-content\/uploads\/2022\/12\/omet400-1024x732.jpg 1024w, https:\/\/sangromeccanica.it\/wp-content\/uploads\/2022\/12\/omet400-300x214.jpg 300w\" sizes=\"auto, (max-width: 1024px) 100vw, 1024px\" \/><\/div>\t\t<\/div>\r\n\t<\/article>\r\n<\/div><div class=\"g-preloader type_1\">\r\n\t<div><\/div>\r\n<\/div>\r\n\t<div class=\"w-grid-json hidden\" onclick='return {&quot;action&quot;:&quot;us_ajax_grid&quot;,&quot;ajax_url&quot;:&quot;https:\\\/\\\/sangromeccanica.it\\\/wp-admin\\\/admin-ajax.php&quot;,&quot;infinite_scroll&quot;:0,&quot;max_num_pages&quot;:1,&quot;pagination&quot;:&quot;none&quot;,&quot;permalink_url&quot;:&quot;https:\\\/\\\/sangromeccanica.it\\\/wp-json\\\/wp\\\/v2\\\/pages\\\/41&quot;,&quot;template_vars&quot;:{&quot;columns&quot;:&quot;4&quot;,&quot;exclude_items&quot;:&quot;none&quot;,&quot;img_size&quot;:&quot;default&quot;,&quot;ignore_items_size&quot;:0,&quot;items_layout&quot;:&quot;gallery_default&quot;,&quot;items_offset&quot;:&quot;1&quot;,&quot;load_animation&quot;:&quot;none&quot;,&quot;overriding_link&quot;:&quot;popup_post_image&quot;,&quot;post_id&quot;:41,&quot;query_args&quot;:{&quot;post_type&quot;:[&quot;attachment&quot;],&quot;post__in&quot;:[&quot;412&quot;,&quot;411&quot;,&quot;408&quot;,&quot;407&quot;],&quot;post_status&quot;:&quot;inherit&quot;,&quot;post_mime_type&quot;:&quot;image&quot;,&quot;posts_per_page&quot;:&quot;4&quot;},&quot;orderby_query_args&quot;:{&quot;orderby&quot;:{&quot;date&quot;:&quot;DESC&quot;}},&quot;type&quot;:&quot;carousel&quot;,&quot;us_grid_ajax_index&quot;:1,&quot;us_grid_filter_params&quot;:null,&quot;us_grid_index&quot;:1,&quot;_us_grid_post_type&quot;:&quot;attachment&quot;},&quot;carousel_settings&quot;:{&quot;autoHeight&quot;:0,&quot;autoplay&quot;:0,&quot;carousel_fade&quot;:0,&quot;center&quot;:0,&quot;dots&quot;:0,&quot;items&quot;:&quot;4&quot;,&quot;loop&quot;:false,&quot;nav&quot;:0,&quot;slideby&quot;:&quot;1&quot;,&quot;smooth_play&quot;:0,&quot;speed&quot;:250,&quot;timeout&quot;:3000,&quot;transition&quot;:&quot;&quot;},&quot;carousel_breakpoints&quot;:{&quot;0&quot;:{&quot;autoHeight&quot;:0,&quot;autoplay&quot;:1,&quot;autoplayHoverPause&quot;:1,&quot;items&quot;:1,&quot;loop&quot;:true,&quot;stagePadding&quot;:0},&quot;600&quot;:{&quot;autoHeight&quot;:0,&quot;autoplay&quot;:1,&quot;autoplayHoverPause&quot;:1,&quot;items&quot;:2,&quot;loop&quot;:false,&quot;stagePadding&quot;:0},&quot;900&quot;:{&quot;autoHeight&quot;:0,&quot;autoplay&quot;:1,&quot;autoplayHoverPause&quot;:1,&quot;items&quot;:3,&quot;loop&quot;:false,&quot;stagePadding&quot;:0},&quot;1400&quot;:{&quot;items&quot;:4,&quot;stagePadding&quot;:0}}}'><\/div>\r\n\t<\/div><\/div><\/div><\/div><\/div><\/section>\n","protected":false},"excerpt":{"rendered":"","protected":false},"author":2,"featured_media":0,"parent":0,"menu_order":0,"comment_status":"closed","ping_status":"closed","template":"","meta":{"footnotes":""},"class_list":["post-41","page","type-page","status-publish","hentry"],"yoast_head":"<!-- This site is optimized with the Yoast SEO plugin v24.9 - https:\/\/yoast.com\/wordpress\/plugins\/seo\/ -->\n<title>Chi siamo - Sangromeccanica<\/title>\n<meta name=\"description\" content=\"Sezione chi siamo\" \/>\n<meta name=\"robots\" content=\"index, follow, max-snippet:-1, max-image-preview:large, max-video-preview:-1\" \/>\n<link rel=\"canonical\" href=\"https:\/\/sangromeccanica.it\/index.php\/chi-siamo\/\" \/>\n<meta property=\"og:locale\" content=\"it_IT\" \/>\n<meta property=\"og:type\" content=\"article\" \/>\n<meta property=\"og:title\" content=\"Chi siamo - Sangromeccanica\" \/>\n<meta property=\"og:description\" content=\"Sezione chi siamo\" \/>\n<meta property=\"og:url\" content=\"https:\/\/sangromeccanica.it\/index.php\/chi-siamo\/\" \/>\n<meta property=\"og:site_name\" content=\"Sangromeccanica\" \/>\n<meta property=\"article:modified_time\" content=\"2022-12-06T18:08:02+00:00\" \/>\n<meta name=\"twitter:card\" content=\"summary_large_image\" \/>\n<meta name=\"twitter:label1\" content=\"Tempo di lettura stimato\" \/>\n\t<meta name=\"twitter:data1\" content=\"2 minuti\" \/>\n<script type=\"application\/ld+json\" class=\"yoast-schema-graph\">{\"@context\":\"https:\/\/schema.org\",\"@graph\":[{\"@type\":\"WebPage\",\"@id\":\"https:\/\/sangromeccanica.it\/index.php\/chi-siamo\/\",\"url\":\"https:\/\/sangromeccanica.it\/index.php\/chi-siamo\/\",\"name\":\"Chi siamo - Sangromeccanica\",\"isPartOf\":{\"@id\":\"https:\/\/sangromeccanica.it\/#website\"},\"datePublished\":\"2022-05-11T20:30:45+00:00\",\"dateModified\":\"2022-12-06T18:08:02+00:00\",\"description\":\"Sezione chi siamo\",\"breadcrumb\":{\"@id\":\"https:\/\/sangromeccanica.it\/index.php\/chi-siamo\/#breadcrumb\"},\"inLanguage\":\"it-IT\",\"potentialAction\":[{\"@type\":\"ReadAction\",\"target\":[\"https:\/\/sangromeccanica.it\/index.php\/chi-siamo\/\"]}]},{\"@type\":\"BreadcrumbList\",\"@id\":\"https:\/\/sangromeccanica.it\/index.php\/chi-siamo\/#breadcrumb\",\"itemListElement\":[{\"@type\":\"ListItem\",\"position\":1,\"name\":\"Home\",\"item\":\"https:\/\/sangromeccanica.it\/\"},{\"@type\":\"ListItem\",\"position\":2,\"name\":\"Chi siamo\"}]},{\"@type\":\"WebSite\",\"@id\":\"https:\/\/sangromeccanica.it\/#website\",\"url\":\"https:\/\/sangromeccanica.it\/\",\"name\":\"Sangromeccanica\",\"description\":\"Website ufficiale Sangromeccanica\",\"publisher\":{\"@id\":\"https:\/\/sangromeccanica.it\/#organization\"},\"potentialAction\":[{\"@type\":\"SearchAction\",\"target\":{\"@type\":\"EntryPoint\",\"urlTemplate\":\"https:\/\/sangromeccanica.it\/?s={search_term_string}\"},\"query-input\":{\"@type\":\"PropertyValueSpecification\",\"valueRequired\":true,\"valueName\":\"search_term_string\"}}],\"inLanguage\":\"it-IT\"},{\"@type\":\"Organization\",\"@id\":\"https:\/\/sangromeccanica.it\/#organization\",\"name\":\"Sangromeccanica\",\"url\":\"https:\/\/sangromeccanica.it\/\",\"logo\":{\"@type\":\"ImageObject\",\"inLanguage\":\"it-IT\",\"@id\":\"https:\/\/sangromeccanica.it\/#\/schema\/logo\/image\/\",\"url\":\"https:\/\/sangromeccanica.it\/wp-content\/uploads\/2022\/05\/logo-nuovo.png\",\"contentUrl\":\"https:\/\/sangromeccanica.it\/wp-content\/uploads\/2022\/05\/logo-nuovo.png\",\"width\":972,\"height\":93,\"caption\":\"Sangromeccanica\"},\"image\":{\"@id\":\"https:\/\/sangromeccanica.it\/#\/schema\/logo\/image\/\"}}]}<\/script>\n<!-- \/ Yoast SEO plugin. -->","yoast_head_json":{"title":"Chi siamo - Sangromeccanica","description":"Sezione chi siamo","robots":{"index":"index","follow":"follow","max-snippet":"max-snippet:-1","max-image-preview":"max-image-preview:large","max-video-preview":"max-video-preview:-1"},"canonical":"https:\/\/sangromeccanica.it\/index.php\/chi-siamo\/","og_locale":"it_IT","og_type":"article","og_title":"Chi siamo - Sangromeccanica","og_description":"Sezione chi siamo","og_url":"https:\/\/sangromeccanica.it\/index.php\/chi-siamo\/","og_site_name":"Sangromeccanica","article_modified_time":"2022-12-06T18:08:02+00:00","twitter_card":"summary_large_image","twitter_misc":{"Tempo di lettura stimato":"2 minuti"},"schema":{"@context":"https:\/\/schema.org","@graph":[{"@type":"WebPage","@id":"https:\/\/sangromeccanica.it\/index.php\/chi-siamo\/","url":"https:\/\/sangromeccanica.it\/index.php\/chi-siamo\/","name":"Chi siamo - Sangromeccanica","isPartOf":{"@id":"https:\/\/sangromeccanica.it\/#website"},"datePublished":"2022-05-11T20:30:45+00:00","dateModified":"2022-12-06T18:08:02+00:00","description":"Sezione chi siamo","breadcrumb":{"@id":"https:\/\/sangromeccanica.it\/index.php\/chi-siamo\/#breadcrumb"},"inLanguage":"it-IT","potentialAction":[{"@type":"ReadAction","target":["https:\/\/sangromeccanica.it\/index.php\/chi-siamo\/"]}]},{"@type":"BreadcrumbList","@id":"https:\/\/sangromeccanica.it\/index.php\/chi-siamo\/#breadcrumb","itemListElement":[{"@type":"ListItem","position":1,"name":"Home","item":"https:\/\/sangromeccanica.it\/"},{"@type":"ListItem","position":2,"name":"Chi siamo"}]},{"@type":"WebSite","@id":"https:\/\/sangromeccanica.it\/#website","url":"https:\/\/sangromeccanica.it\/","name":"Sangromeccanica","description":"Website ufficiale Sangromeccanica","publisher":{"@id":"https:\/\/sangromeccanica.it\/#organization"},"potentialAction":[{"@type":"SearchAction","target":{"@type":"EntryPoint","urlTemplate":"https:\/\/sangromeccanica.it\/?s={search_term_string}"},"query-input":{"@type":"PropertyValueSpecification","valueRequired":true,"valueName":"search_term_string"}}],"inLanguage":"it-IT"},{"@type":"Organization","@id":"https:\/\/sangromeccanica.it\/#organization","name":"Sangromeccanica","url":"https:\/\/sangromeccanica.it\/","logo":{"@type":"ImageObject","inLanguage":"it-IT","@id":"https:\/\/sangromeccanica.it\/#\/schema\/logo\/image\/","url":"https:\/\/sangromeccanica.it\/wp-content\/uploads\/2022\/05\/logo-nuovo.png","contentUrl":"https:\/\/sangromeccanica.it\/wp-content\/uploads\/2022\/05\/logo-nuovo.png","width":972,"height":93,"caption":"Sangromeccanica"},"image":{"@id":"https:\/\/sangromeccanica.it\/#\/schema\/logo\/image\/"}}]}},"_links":{"self":[{"href":"https:\/\/sangromeccanica.it\/index.php\/wp-json\/wp\/v2\/pages\/41","targetHints":{"allow":["GET"]}}],"collection":[{"href":"https:\/\/sangromeccanica.it\/index.php\/wp-json\/wp\/v2\/pages"}],"about":[{"href":"https:\/\/sangromeccanica.it\/index.php\/wp-json\/wp\/v2\/types\/page"}],"author":[{"embeddable":true,"href":"https:\/\/sangromeccanica.it\/index.php\/wp-json\/wp\/v2\/users\/2"}],"replies":[{"embeddable":true,"href":"https:\/\/sangromeccanica.it\/index.php\/wp-json\/wp\/v2\/comments?post=41"}],"version-history":[{"count":19,"href":"https:\/\/sangromeccanica.it\/index.php\/wp-json\/wp\/v2\/pages\/41\/revisions"}],"predecessor-version":[{"id":427,"href":"https:\/\/sangromeccanica.it\/index.php\/wp-json\/wp\/v2\/pages\/41\/revisions\/427"}],"wp:attachment":[{"href":"https:\/\/sangromeccanica.it\/index.php\/wp-json\/wp\/v2\/media?parent=41"}],"curies":[{"name":"wp","href":"https:\/\/api.w.org\/{rel}","templated":true}]}}