{"id":57,"date":"2022-05-11T22:35:59","date_gmt":"2022-05-11T20:35:59","guid":{"rendered":"https:\/\/sangromeccanica.it\/?page_id=57"},"modified":"2022-10-20T00:25:36","modified_gmt":"2022-10-19T22:25:36","slug":"attrezzeria","status":"publish","type":"page","link":"https:\/\/sangromeccanica.it\/index.php\/attrezzeria\/","title":{"rendered":"Attrezzeria"},"content":{"rendered":"<section class=\"l-section wpb_row height_large color_primary with_img\"><div class=\"l-section-img\" data-img-width=\"2421\" data-img-height=\"807\" style=\"background-image: url(https:\/\/sangromeccanica.it\/wp-content\/uploads\/2022\/09\/attrezeria3.jpg);background-repeat: no-repeat;\"><\/div><div class=\"l-section-overlay\" style=\"background:rgba(0,0,0,0.30)\"><\/div><div class=\"l-section-h i-cf\"><div class=\"g-cols vc_row via_grid cols_1 laptops-cols_inherit tablets-cols_inherit mobiles-cols_1 valign_middle type_default stacking_default\"><div class=\"wpb_column vc_column_container\"><div class=\"vc_column-inner\"><h1 class=\"w-text us_custom_8d5ce86c\"><span class=\"w-text-h\"><span class=\"w-text-value\">ATTREZZERIA<\/span><\/span><\/h1><div class=\"g-cols wpb_row us_custom_eb849559 hide_on_tablets hide_on_mobiles via_grid cols_1 laptops-cols_inherit tablets-cols_inherit mobiles-cols_1 valign_top type_boxes stacking_default\"><div class=\"wpb_column vc_column_container\"><div class=\"vc_column-inner\"><div class=\"w-hwrapper align_center valign_top wrap\" style=\"--hwrapper-gap:2rem\"><h2 class=\"w-text\"><span class=\"w-text-h\"><span class=\"w-text-value\">REALIZZAZIONE<\/span><\/span><\/h2><h2 class=\"w-text\"><span class=\"w-text-h\"><span class=\"w-text-value\">PROGETTAZIONE<\/span><\/span><\/h2><h2 class=\"w-text\"><span class=\"w-text-h\"><span class=\"w-text-value\">MANUTENZIONE<\/span><\/span><\/h2><\/div><\/div><\/div><\/div><\/div><\/div><\/div><\/div><\/section><section class=\"l-section wpb_row height_auto\"><div class=\"l-section-h i-cf\"><div class=\"g-cols vc_row via_grid cols_1 laptops-cols_inherit tablets-cols_inherit mobiles-cols_1 valign_top type_default stacking_default\"><div class=\"wpb_column vc_column_container us_custom_2e800863 has_bg_color\"><div class=\"vc_column-inner\"><div class=\"wpb_text_column us_custom_2acb69ba with_collapsible_content\" data-content-height=\"250px\"><div class=\"wpb_wrapper\"><p class=\"a-b-r-La\">Sangromeccanica vanta un articolato reparto di attrezzeria interna, completo di centri di lavoro (HURCO dim.1650x860x760, ELETTROEROSIONE A FILO DIM.550X450X35 FANUC , RETTIFICA TANGENZIALE FAVRETTO, FRESE MANUALI VISUALIZZATE, TORNI MANUALI, SEGA A NASTRO); dotazione grazie alla quale l\u2019azienda \u00e8 in grado di realizzare internamente a disegno gli stampi da mandare in produzione. Per l\u2019attivit\u00e0 dell\u2019azienda il reparto stampi risulta fondamentale quanto quello di produzione.<\/p>\n<\/div><div class=\"toggle-links align_none\"><button class=\"collapsible-content-more\">Mostra di pi\u00f9<\/button><button class=\"collapsible-content-less\">Mostra di meno<\/button><\/div><\/div><\/div><\/div><\/div><\/div><\/section><section class=\"l-section wpb_row height_small\"><div class=\"l-section-h i-cf\"><div class=\"g-cols vc_row via_grid cols_2 laptops-cols_inherit tablets-cols_1 mobiles-cols_1 valign_middle type_default stacking_default\" style=\"grid-gap:0rem;\"><div class=\"wpb_column vc_column_container us_custom_6c21c073 us_animate_this stretched\"><div class=\"vc_column-inner\"><div class=\"w-image us_custom_ec191ef0 align_none\"><div class=\"w-image-h\"><img loading=\"lazy\" decoding=\"async\" width=\"1024\" height=\"576\" src=\"https:\/\/sangromeccanica.it\/wp-content\/uploads\/2022\/10\/cnchurco-1024x576.png\" class=\"attachment-large size-large\" alt=\"\" srcset=\"https:\/\/sangromeccanica.it\/wp-content\/uploads\/2022\/10\/cnchurco-1024x576.png 1024w, https:\/\/sangromeccanica.it\/wp-content\/uploads\/2022\/10\/cnchurco-300x169.png 300w\" sizes=\"auto, (max-width: 1024px) 100vw, 1024px\" \/><\/div><\/div><\/div><\/div><div class=\"wpb_column vc_column_container us_custom_66935fbd us_animate_this\"><div class=\"vc_column-inner\"><h3 class=\"w-text us_custom_8d7da79e has_text_color\"><span class=\"w-text-h\"><span class=\"w-text-value\">Hurco<\/span><\/span><\/h3><h5 class=\"w-text\"><span class=\"w-text-h\"><span class=\"w-text-value\">CENTRO DI LAVORO<\/span><\/span><\/h5><h5 class=\"w-text\"><span class=\"w-text-h\"><span class=\"w-text-value\">Area di lavoro: 1650 x 860 x 760<\/span><\/span><\/h5><div class=\"w-separator size_custom\" style=\"height:40px\"><\/div><\/div><\/div><\/div><\/div><\/section><section class=\"l-section wpb_row height_small\"><div class=\"l-section-h i-cf\"><div class=\"g-cols vc_row via_grid cols_2 laptops-cols_inherit tablets-cols_1 mobiles-cols_1 valign_middle type_default reversed stacking_default\" style=\"grid-gap:0rem;\"><div class=\"wpb_column vc_column_container us_custom_fc958cd7 us_animate_this\"><div class=\"vc_column-inner\"><h3 class=\"w-text us_custom_8d7da79e has_text_color\"><span class=\"w-text-h\"><span class=\"w-text-value\">Fanuc<\/span><\/span><\/h3><h5 class=\"w-text\"><span class=\"w-text-h\"><span class=\"w-text-value\">ELETTROEROSIONE A FILO<\/span><\/span><\/h5><h5 class=\"w-text\"><span class=\"w-text-h\"><span class=\"w-text-value\">Area di lavoro: 550 x 450 x 35<\/span><\/span><\/h5><div class=\"w-separator size_custom\" style=\"height:40px\"><\/div><\/div><\/div><div class=\"wpb_column vc_column_container us_custom_ba870b58 us_animate_this stretched\"><div class=\"vc_column-inner\"><div class=\"w-image us_custom_fe594dcc align_none\"><div class=\"w-image-h\"><img loading=\"lazy\" decoding=\"async\" width=\"1024\" height=\"576\" src=\"https:\/\/sangromeccanica.it\/wp-content\/uploads\/2022\/10\/fanuc.ele_-1024x576.jpg\" class=\"attachment-large size-large\" alt=\"\" srcset=\"https:\/\/sangromeccanica.it\/wp-content\/uploads\/2022\/10\/fanuc.ele_-1024x576.jpg 1024w, https:\/\/sangromeccanica.it\/wp-content\/uploads\/2022\/10\/fanuc.ele_-300x169.jpg 300w, https:\/\/sangromeccanica.it\/wp-content\/uploads\/2022\/10\/fanuc.ele_.jpg 1920w\" sizes=\"auto, (max-width: 1024px) 100vw, 1024px\" \/><\/div><\/div><\/div><\/div><\/div><\/div><\/section><section class=\"l-section wpb_row us_custom_6074088f height_medium\"><div class=\"l-section-h i-cf\"><div class=\"g-cols vc_row via_grid cols_2-3 laptops-cols_inherit tablets-cols_1 mobiles-cols_1 valign_top type_default stacking_default\" style=\"grid-gap:2rem;\"><div class=\"wpb_column vc_column_container us_custom_fddbb51e has_bg_color stretched\"><div class=\"vc_column-inner\"><div class=\"w-separator us_custom_b7b20fb8 size_huge\"><\/div><\/div><\/div><div class=\"wpb_column vc_column_container us_custom_abaeb7a9 has_text_color has_bg_color\"><div class=\"vc_column-inner\"><div class=\"wpb_text_column\"><div class=\"wpb_wrapper\"><h2>PRONTEZZA D&#8217;INTERVENTO<\/h2>\n<p class=\"a-b-r-La\">Avendo a che fare con stampi per lo pi\u00f9 di grandi dimensioni, \u00e8 impensabile una loro movimentazione in caso di anomalia, rendendo invece pi\u00f9 che necessario un repentino intervento sotto pressa.<\/p>\n<\/div><\/div><\/div><\/div><\/div><\/div><\/section><section class=\"l-section wpb_row sm__carousel height_medium width_full\"><div class=\"l-section-h i-cf\"><div class=\"g-cols vc_row via_grid cols_1 laptops-cols_inherit tablets-cols_inherit mobiles-cols_1 valign_top type_default stacking_default\"><div class=\"wpb_column vc_column_container\"><div class=\"vc_column-inner\"><div class=\"w-grid type_carousel layout_gallery_default cols_4 valign_center\" id=\"us_grid_1\"><style>#us_grid_1 .w-grid-item{padding:1rem}#us_grid_1 .w-grid-list{margin:-1rem}.w-grid + #us_grid_1 .w-grid-list,.w-grid-none + #us_grid_1 .w-grid-list{margin-top:1rem}.layout_gallery_default .w-grid-item-h{}<\/style><div class=\"w-grid-list owl-carousel navstyle_circle navpos_outside\">\t<article class=\"w-grid-item post-284 attachment type-attachment status-inherit hentry\" data-id=\"284\">\r\n\t\t<div class=\"w-grid-item-h\">\r\n\t\t\t\t\t\t\t<a class=\"w-grid-item-anchor\" href=\"https:\/\/sangromeccanica.it\/wp-content\/uploads\/2022\/09\/attrezeria7.jpg\" ref=\"magnificPopupGrid\" title=\"RETTIFICA\"><\/a>\r\n\t\t\t\t\t\t<div class=\"w-post-elm post_image usg_post_image_1 stretched\"><img loading=\"lazy\" decoding=\"async\" width=\"1024\" height=\"683\" src=\"https:\/\/sangromeccanica.it\/wp-content\/uploads\/2022\/09\/attrezeria7-1024x683.jpg\" class=\"attachment-large size-large\" alt=\"\" srcset=\"https:\/\/sangromeccanica.it\/wp-content\/uploads\/2022\/09\/attrezeria7-1024x683.jpg 1024w, https:\/\/sangromeccanica.it\/wp-content\/uploads\/2022\/09\/attrezeria7-300x200.jpg 300w\" sizes=\"auto, (max-width: 1024px) 100vw, 1024px\" \/><\/div>\t\t<\/div>\r\n\t<\/article>\r\n\t<article class=\"w-grid-item post-283 attachment type-attachment status-inherit hentry\" data-id=\"283\">\r\n\t\t<div class=\"w-grid-item-h\">\r\n\t\t\t\t\t\t\t<a class=\"w-grid-item-anchor\" href=\"https:\/\/sangromeccanica.it\/wp-content\/uploads\/2022\/09\/attrezeria6.jpg\" ref=\"magnificPopupGrid\" title=\"STAMPO\"><\/a>\r\n\t\t\t\t\t\t<div class=\"w-post-elm post_image usg_post_image_1 stretched\"><img loading=\"lazy\" decoding=\"async\" width=\"1024\" height=\"683\" src=\"https:\/\/sangromeccanica.it\/wp-content\/uploads\/2022\/09\/attrezeria6-1024x683.jpg\" class=\"attachment-large size-large\" alt=\"\" srcset=\"https:\/\/sangromeccanica.it\/wp-content\/uploads\/2022\/09\/attrezeria6-1024x683.jpg 1024w, https:\/\/sangromeccanica.it\/wp-content\/uploads\/2022\/09\/attrezeria6-300x200.jpg 300w\" sizes=\"auto, (max-width: 1024px) 100vw, 1024px\" \/><\/div>\t\t<\/div>\r\n\t<\/article>\r\n\t<article class=\"w-grid-item post-83 attachment type-attachment status-inherit hentry\" data-id=\"83\">\r\n\t\t<div class=\"w-grid-item-h\">\r\n\t\t\t\t\t\t\t<a class=\"w-grid-item-anchor\" href=\"https:\/\/sangromeccanica.it\/wp-content\/uploads\/2022\/05\/stampaggio-scaled.jpeg\" ref=\"magnificPopupGrid\" title=\"stampaggio\"><\/a>\r\n\t\t\t\t\t\t<div class=\"w-post-elm post_image usg_post_image_1 stretched\"><img loading=\"lazy\" decoding=\"async\" width=\"1024\" height=\"683\" src=\"https:\/\/sangromeccanica.it\/wp-content\/uploads\/2022\/05\/stampaggio-1024x683.jpeg\" class=\"attachment-large size-large\" alt=\"\" srcset=\"https:\/\/sangromeccanica.it\/wp-content\/uploads\/2022\/05\/stampaggio-1024x683.jpeg 1024w, https:\/\/sangromeccanica.it\/wp-content\/uploads\/2022\/05\/stampaggio-300x200.jpeg 300w\" sizes=\"auto, (max-width: 1024px) 100vw, 1024px\" \/><\/div>\t\t<\/div>\r\n\t<\/article>\r\n\t<article class=\"w-grid-item post-82 attachment type-attachment status-inherit hentry\" data-id=\"82\">\r\n\t\t<div class=\"w-grid-item-h\">\r\n\t\t\t\t\t\t\t<a class=\"w-grid-item-anchor\" href=\"https:\/\/sangromeccanica.it\/wp-content\/uploads\/2022\/05\/attrezzeria.jpeg\" ref=\"magnificPopupGrid\" title=\"attrezzeria\"><\/a>\r\n\t\t\t\t\t\t<div class=\"w-post-elm post_image usg_post_image_1 stretched\"><img loading=\"lazy\" decoding=\"async\" width=\"1024\" height=\"683\" src=\"https:\/\/sangromeccanica.it\/wp-content\/uploads\/2022\/05\/attrezzeria-1024x683.jpeg\" class=\"attachment-large size-large\" alt=\"\" srcset=\"https:\/\/sangromeccanica.it\/wp-content\/uploads\/2022\/05\/attrezzeria-1024x683.jpeg 1024w, https:\/\/sangromeccanica.it\/wp-content\/uploads\/2022\/05\/attrezzeria-300x200.jpeg 300w, https:\/\/sangromeccanica.it\/wp-content\/uploads\/2022\/05\/attrezzeria.jpeg 1280w\" sizes=\"auto, (max-width: 1024px) 100vw, 1024px\" \/><\/div>\t\t<\/div>\r\n\t<\/article>\r\n<\/div><div class=\"g-preloader type_1\">\r\n\t<div><\/div>\r\n<\/div>\r\n\t<div class=\"w-grid-json hidden\" onclick='return {&quot;action&quot;:&quot;us_ajax_grid&quot;,&quot;ajax_url&quot;:&quot;https:\\\/\\\/sangromeccanica.it\\\/wp-admin\\\/admin-ajax.php&quot;,&quot;infinite_scroll&quot;:0,&quot;max_num_pages&quot;:1,&quot;pagination&quot;:&quot;none&quot;,&quot;permalink_url&quot;:&quot;https:\\\/\\\/sangromeccanica.it\\\/wp-json\\\/wp\\\/v2\\\/pages\\\/57&quot;,&quot;template_vars&quot;:{&quot;columns&quot;:&quot;4&quot;,&quot;exclude_items&quot;:&quot;none&quot;,&quot;img_size&quot;:&quot;default&quot;,&quot;ignore_items_size&quot;:0,&quot;items_layout&quot;:&quot;gallery_default&quot;,&quot;items_offset&quot;:&quot;1&quot;,&quot;load_animation&quot;:&quot;none&quot;,&quot;overriding_link&quot;:&quot;popup_post_image&quot;,&quot;post_id&quot;:57,&quot;query_args&quot;:{&quot;post_type&quot;:[&quot;attachment&quot;],&quot;post__in&quot;:[&quot;83&quot;,&quot;82&quot;,&quot;284&quot;,&quot;283&quot;],&quot;post_status&quot;:&quot;inherit&quot;,&quot;post_mime_type&quot;:&quot;image&quot;,&quot;posts_per_page&quot;:&quot;4&quot;},&quot;orderby_query_args&quot;:{&quot;orderby&quot;:{&quot;date&quot;:&quot;DESC&quot;}},&quot;type&quot;:&quot;carousel&quot;,&quot;us_grid_ajax_index&quot;:1,&quot;us_grid_filter_params&quot;:null,&quot;us_grid_index&quot;:1,&quot;_us_grid_post_type&quot;:&quot;attachment&quot;},&quot;carousel_settings&quot;:{&quot;autoHeight&quot;:0,&quot;autoplay&quot;:0,&quot;carousel_fade&quot;:0,&quot;center&quot;:0,&quot;dots&quot;:0,&quot;items&quot;:&quot;4&quot;,&quot;loop&quot;:false,&quot;nav&quot;:0,&quot;slideby&quot;:&quot;1&quot;,&quot;smooth_play&quot;:0,&quot;speed&quot;:250,&quot;timeout&quot;:3000,&quot;transition&quot;:&quot;&quot;},&quot;carousel_breakpoints&quot;:{&quot;0&quot;:{&quot;autoHeight&quot;:0,&quot;autoplay&quot;:1,&quot;autoplayHoverPause&quot;:1,&quot;items&quot;:1,&quot;loop&quot;:true,&quot;stagePadding&quot;:0},&quot;600&quot;:{&quot;autoHeight&quot;:0,&quot;autoplay&quot;:1,&quot;autoplayHoverPause&quot;:1,&quot;items&quot;:2,&quot;loop&quot;:false,&quot;stagePadding&quot;:0},&quot;900&quot;:{&quot;autoHeight&quot;:0,&quot;autoplay&quot;:1,&quot;autoplayHoverPause&quot;:1,&quot;items&quot;:3,&quot;loop&quot;:false,&quot;stagePadding&quot;:0},&quot;1400&quot;:{&quot;items&quot;:4,&quot;stagePadding&quot;:0}}}'><\/div>\r\n\t<\/div><\/div><\/div><\/div><\/div><\/section>\n","protected":false},"excerpt":{"rendered":"","protected":false},"author":2,"featured_media":0,"parent":0,"menu_order":0,"comment_status":"closed","ping_status":"closed","template":"","meta":{"footnotes":""},"class_list":["post-57","page","type-page","status-publish","hentry"],"yoast_head":"<!-- This site is optimized with the Yoast SEO plugin v24.9 - https:\/\/yoast.com\/wordpress\/plugins\/seo\/ -->\n<title>Attrezzeria - Sangromeccanica<\/title>\n<meta name=\"description\" content=\"Sezione attrezzeria\" \/>\n<meta name=\"robots\" content=\"index, follow, max-snippet:-1, max-image-preview:large, max-video-preview:-1\" \/>\n<link rel=\"canonical\" href=\"https:\/\/sangromeccanica.it\/index.php\/attrezzeria\/\" \/>\n<meta property=\"og:locale\" content=\"it_IT\" \/>\n<meta property=\"og:type\" content=\"article\" \/>\n<meta property=\"og:title\" content=\"Attrezzeria - Sangromeccanica\" \/>\n<meta property=\"og:description\" content=\"Sezione attrezzeria\" \/>\n<meta property=\"og:url\" content=\"https:\/\/sangromeccanica.it\/index.php\/attrezzeria\/\" \/>\n<meta property=\"og:site_name\" content=\"Sangromeccanica\" \/>\n<meta property=\"article:modified_time\" content=\"2022-10-19T22:25:36+00:00\" \/>\n<meta name=\"twitter:card\" content=\"summary_large_image\" \/>\n<meta name=\"twitter:label1\" content=\"Tempo di lettura stimato\" \/>\n\t<meta name=\"twitter:data1\" content=\"2 minuti\" \/>\n<script type=\"application\/ld+json\" class=\"yoast-schema-graph\">{\"@context\":\"https:\/\/schema.org\",\"@graph\":[{\"@type\":\"WebPage\",\"@id\":\"https:\/\/sangromeccanica.it\/index.php\/attrezzeria\/\",\"url\":\"https:\/\/sangromeccanica.it\/index.php\/attrezzeria\/\",\"name\":\"Attrezzeria - Sangromeccanica\",\"isPartOf\":{\"@id\":\"https:\/\/sangromeccanica.it\/#website\"},\"datePublished\":\"2022-05-11T20:35:59+00:00\",\"dateModified\":\"2022-10-19T22:25:36+00:00\",\"description\":\"Sezione attrezzeria\",\"breadcrumb\":{\"@id\":\"https:\/\/sangromeccanica.it\/index.php\/attrezzeria\/#breadcrumb\"},\"inLanguage\":\"it-IT\",\"potentialAction\":[{\"@type\":\"ReadAction\",\"target\":[\"https:\/\/sangromeccanica.it\/index.php\/attrezzeria\/\"]}]},{\"@type\":\"BreadcrumbList\",\"@id\":\"https:\/\/sangromeccanica.it\/index.php\/attrezzeria\/#breadcrumb\",\"itemListElement\":[{\"@type\":\"ListItem\",\"position\":1,\"name\":\"Home\",\"item\":\"https:\/\/sangromeccanica.it\/\"},{\"@type\":\"ListItem\",\"position\":2,\"name\":\"Attrezzeria\"}]},{\"@type\":\"WebSite\",\"@id\":\"https:\/\/sangromeccanica.it\/#website\",\"url\":\"https:\/\/sangromeccanica.it\/\",\"name\":\"Sangromeccanica\",\"description\":\"Website ufficiale Sangromeccanica\",\"publisher\":{\"@id\":\"https:\/\/sangromeccanica.it\/#organization\"},\"potentialAction\":[{\"@type\":\"SearchAction\",\"target\":{\"@type\":\"EntryPoint\",\"urlTemplate\":\"https:\/\/sangromeccanica.it\/?s={search_term_string}\"},\"query-input\":{\"@type\":\"PropertyValueSpecification\",\"valueRequired\":true,\"valueName\":\"search_term_string\"}}],\"inLanguage\":\"it-IT\"},{\"@type\":\"Organization\",\"@id\":\"https:\/\/sangromeccanica.it\/#organization\",\"name\":\"Sangromeccanica\",\"url\":\"https:\/\/sangromeccanica.it\/\",\"logo\":{\"@type\":\"ImageObject\",\"inLanguage\":\"it-IT\",\"@id\":\"https:\/\/sangromeccanica.it\/#\/schema\/logo\/image\/\",\"url\":\"https:\/\/sangromeccanica.it\/wp-content\/uploads\/2022\/05\/logo-nuovo.png\",\"contentUrl\":\"https:\/\/sangromeccanica.it\/wp-content\/uploads\/2022\/05\/logo-nuovo.png\",\"width\":972,\"height\":93,\"caption\":\"Sangromeccanica\"},\"image\":{\"@id\":\"https:\/\/sangromeccanica.it\/#\/schema\/logo\/image\/\"}}]}<\/script>\n<!-- \/ Yoast SEO plugin. -->","yoast_head_json":{"title":"Attrezzeria - Sangromeccanica","description":"Sezione attrezzeria","robots":{"index":"index","follow":"follow","max-snippet":"max-snippet:-1","max-image-preview":"max-image-preview:large","max-video-preview":"max-video-preview:-1"},"canonical":"https:\/\/sangromeccanica.it\/index.php\/attrezzeria\/","og_locale":"it_IT","og_type":"article","og_title":"Attrezzeria - Sangromeccanica","og_description":"Sezione attrezzeria","og_url":"https:\/\/sangromeccanica.it\/index.php\/attrezzeria\/","og_site_name":"Sangromeccanica","article_modified_time":"2022-10-19T22:25:36+00:00","twitter_card":"summary_large_image","twitter_misc":{"Tempo di lettura stimato":"2 minuti"},"schema":{"@context":"https:\/\/schema.org","@graph":[{"@type":"WebPage","@id":"https:\/\/sangromeccanica.it\/index.php\/attrezzeria\/","url":"https:\/\/sangromeccanica.it\/index.php\/attrezzeria\/","name":"Attrezzeria - Sangromeccanica","isPartOf":{"@id":"https:\/\/sangromeccanica.it\/#website"},"datePublished":"2022-05-11T20:35:59+00:00","dateModified":"2022-10-19T22:25:36+00:00","description":"Sezione attrezzeria","breadcrumb":{"@id":"https:\/\/sangromeccanica.it\/index.php\/attrezzeria\/#breadcrumb"},"inLanguage":"it-IT","potentialAction":[{"@type":"ReadAction","target":["https:\/\/sangromeccanica.it\/index.php\/attrezzeria\/"]}]},{"@type":"BreadcrumbList","@id":"https:\/\/sangromeccanica.it\/index.php\/attrezzeria\/#breadcrumb","itemListElement":[{"@type":"ListItem","position":1,"name":"Home","item":"https:\/\/sangromeccanica.it\/"},{"@type":"ListItem","position":2,"name":"Attrezzeria"}]},{"@type":"WebSite","@id":"https:\/\/sangromeccanica.it\/#website","url":"https:\/\/sangromeccanica.it\/","name":"Sangromeccanica","description":"Website ufficiale Sangromeccanica","publisher":{"@id":"https:\/\/sangromeccanica.it\/#organization"},"potentialAction":[{"@type":"SearchAction","target":{"@type":"EntryPoint","urlTemplate":"https:\/\/sangromeccanica.it\/?s={search_term_string}"},"query-input":{"@type":"PropertyValueSpecification","valueRequired":true,"valueName":"search_term_string"}}],"inLanguage":"it-IT"},{"@type":"Organization","@id":"https:\/\/sangromeccanica.it\/#organization","name":"Sangromeccanica","url":"https:\/\/sangromeccanica.it\/","logo":{"@type":"ImageObject","inLanguage":"it-IT","@id":"https:\/\/sangromeccanica.it\/#\/schema\/logo\/image\/","url":"https:\/\/sangromeccanica.it\/wp-content\/uploads\/2022\/05\/logo-nuovo.png","contentUrl":"https:\/\/sangromeccanica.it\/wp-content\/uploads\/2022\/05\/logo-nuovo.png","width":972,"height":93,"caption":"Sangromeccanica"},"image":{"@id":"https:\/\/sangromeccanica.it\/#\/schema\/logo\/image\/"}}]}},"_links":{"self":[{"href":"https:\/\/sangromeccanica.it\/index.php\/wp-json\/wp\/v2\/pages\/57","targetHints":{"allow":["GET"]}}],"collection":[{"href":"https:\/\/sangromeccanica.it\/index.php\/wp-json\/wp\/v2\/pages"}],"about":[{"href":"https:\/\/sangromeccanica.it\/index.php\/wp-json\/wp\/v2\/types\/page"}],"author":[{"embeddable":true,"href":"https:\/\/sangromeccanica.it\/index.php\/wp-json\/wp\/v2\/users\/2"}],"replies":[{"embeddable":true,"href":"https:\/\/sangromeccanica.it\/index.php\/wp-json\/wp\/v2\/comments?post=57"}],"version-history":[{"count":25,"href":"https:\/\/sangromeccanica.it\/index.php\/wp-json\/wp\/v2\/pages\/57\/revisions"}],"predecessor-version":[{"id":392,"href":"https:\/\/sangromeccanica.it\/index.php\/wp-json\/wp\/v2\/pages\/57\/revisions\/392"}],"wp:attachment":[{"href":"https:\/\/sangromeccanica.it\/index.php\/wp-json\/wp\/v2\/media?parent=57"}],"curies":[{"name":"wp","href":"https:\/\/api.w.org\/{rel}","templated":true}]}}